{"id":1125,"date":"2015-05-08T13:22:48","date_gmt":"2015-05-08T13:22:48","guid":{"rendered":"http:\/\/quanticalabs.com\/wptest\/carservice\/?page_id=4"},"modified":"2020-05-20T10:41:27","modified_gmt":"2020-05-20T13:41:27","slug":"radiadores-pg","status":"publish","type":"page","link":"https:\/\/radiadorespg.com.br\/","title":{"rendered":"Radiadores PG"},"content":{"rendered":"<p>[vc_row][vc_column width=&#8221;2\/3&#8243;][vc_single_image image=&#8221;1933&#8243; img_size=&#8221;full&#8221; alignment=&#8221;center&#8221; css_animation=&#8221;bounceIn&#8221;][\/vc_column][vc_column width=&#8221;1\/3&#8243;][vc_single_image image=&#8221;1976&#8243; add_caption=&#8221;yes&#8221; alignment=&#8221;center&#8221; style=&#8221;vc_box_rounded&#8221; onclick=&#8221;link_image&#8221; css_animation=&#8221;bounceInRight&#8221;][\/vc_column][\/vc_row]<\/p>\n","protected":false},"excerpt":{"rendered":"<p>[vc_row][vc_column width=&#8221;2\/3&#8243;][vc_single_image image=&#8221;1933&#8243; img_size=&#8221;full&#8221; alignment=&#8221;center&#8221; css_animation=&#8221;bounceIn&#8221;][\/vc_column][vc_column width=&#8221;1\/3&#8243;][vc_single_image image=&#8221;1976&#8243; add_caption=&#8221;yes&#8221; alignment=&#8221;center&#8221; style=&#8221;vc_box_rounded&#8221; onclick=&#8221;link_image&#8221; css_animation=&#8221;bounceInRight&#8221;][\/vc_column][\/vc_row]<\/p>\n","protected":false},"author":1,"featured_media":0,"parent":0,"menu_order":0,"comment_status":"open","ping_status":"open","template":"template-default-without-breadcrumbs.php","meta":[],"yoast_head":"<!-- This site is optimized with the Yoast SEO plugin v22.7 - https:\/\/yoast.com\/wordpress\/plugins\/seo\/ -->\n<title>RadiadoresPG - Radiadores novos e semi novos<\/title>\n<meta name=\"description\" content=\"Com o objetivo de prestar servi\u00e7os de manuten\u00e7\u00e3o, consertos e comercializa\u00e7\u00e3o de radiadores novos e semi novos.\" \/>\n<meta name=\"robots\" content=\"index, follow, max-snippet:-1, max-image-preview:large, max-video-preview:-1\" \/>\n<link rel=\"canonical\" href=\"https:\/\/radiadorespg.com.br\/\" \/>\n<meta property=\"og:locale\" content=\"pt_BR\" \/>\n<meta property=\"og:type\" content=\"article\" \/>\n<meta property=\"og:title\" content=\"RadiadoresPG - Radiadores novos e semi novos\" \/>\n<meta property=\"og:description\" content=\"Com o objetivo de prestar servi\u00e7os de manuten\u00e7\u00e3o, consertos e comercializa\u00e7\u00e3o de radiadores novos e semi novos.\" \/>\n<meta property=\"og:url\" content=\"https:\/\/radiadorespg.com.br\/\" \/>\n<meta property=\"og:site_name\" content=\"RadiadoresPG\" \/>\n<meta property=\"article:modified_time\" content=\"2020-05-20T13:41:27+00:00\" \/>\n<meta name=\"twitter:card\" content=\"summary_large_image\" \/>\n<script type=\"application\/ld+json\" class=\"yoast-schema-graph\">{\"@context\":\"https:\/\/schema.org\",\"@graph\":[{\"@type\":\"WebPage\",\"@id\":\"https:\/\/radiadorespg.com.br\/\",\"url\":\"https:\/\/radiadorespg.com.br\/\",\"name\":\"RadiadoresPG - Radiadores novos e semi novos\",\"isPartOf\":{\"@id\":\"https:\/\/radiadorespg.com.br\/#website\"},\"datePublished\":\"2015-05-08T13:22:48+00:00\",\"dateModified\":\"2020-05-20T13:41:27+00:00\",\"description\":\"Com o objetivo de prestar servi\u00e7os de manuten\u00e7\u00e3o, consertos e comercializa\u00e7\u00e3o de radiadores novos e semi novos.\",\"breadcrumb\":{\"@id\":\"https:\/\/radiadorespg.com.br\/#breadcrumb\"},\"inLanguage\":\"pt-BR\",\"potentialAction\":[{\"@type\":\"ReadAction\",\"target\":[\"https:\/\/radiadorespg.com.br\/\"]}]},{\"@type\":\"BreadcrumbList\",\"@id\":\"https:\/\/radiadorespg.com.br\/#breadcrumb\",\"itemListElement\":[{\"@type\":\"ListItem\",\"position\":1,\"name\":\"In\u00edcio\",\"item\":\"https:\/\/radiadorespg.com.br\/\"},{\"@type\":\"ListItem\",\"position\":2,\"name\":\"Radiadores PG\"}]},{\"@type\":\"WebSite\",\"@id\":\"https:\/\/radiadorespg.com.br\/#website\",\"url\":\"https:\/\/radiadorespg.com.br\/\",\"name\":\"RadiadoresPG\",\"description\":\"\",\"potentialAction\":[{\"@type\":\"SearchAction\",\"target\":{\"@type\":\"EntryPoint\",\"urlTemplate\":\"https:\/\/radiadorespg.com.br\/?s={search_term_string}\"},\"query-input\":\"required name=search_term_string\"}],\"inLanguage\":\"pt-BR\"}]}<\/script>\n<!-- \/ Yoast SEO plugin. -->","yoast_head_json":{"title":"RadiadoresPG - Radiadores novos e semi novos","description":"Com o objetivo de prestar servi\u00e7os de manuten\u00e7\u00e3o, consertos e comercializa\u00e7\u00e3o de radiadores novos e semi novos.","robots":{"index":"index","follow":"follow","max-snippet":"max-snippet:-1","max-image-preview":"max-image-preview:large","max-video-preview":"max-video-preview:-1"},"canonical":"https:\/\/radiadorespg.com.br\/","og_locale":"pt_BR","og_type":"article","og_title":"RadiadoresPG - Radiadores novos e semi novos","og_description":"Com o objetivo de prestar servi\u00e7os de manuten\u00e7\u00e3o, consertos e comercializa\u00e7\u00e3o de radiadores novos e semi novos.","og_url":"https:\/\/radiadorespg.com.br\/","og_site_name":"RadiadoresPG","article_modified_time":"2020-05-20T13:41:27+00:00","twitter_card":"summary_large_image","schema":{"@context":"https:\/\/schema.org","@graph":[{"@type":"WebPage","@id":"https:\/\/radiadorespg.com.br\/","url":"https:\/\/radiadorespg.com.br\/","name":"RadiadoresPG - Radiadores novos e semi novos","isPartOf":{"@id":"https:\/\/radiadorespg.com.br\/#website"},"datePublished":"2015-05-08T13:22:48+00:00","dateModified":"2020-05-20T13:41:27+00:00","description":"Com o objetivo de prestar servi\u00e7os de manuten\u00e7\u00e3o, consertos e comercializa\u00e7\u00e3o de radiadores novos e semi novos.","breadcrumb":{"@id":"https:\/\/radiadorespg.com.br\/#breadcrumb"},"inLanguage":"pt-BR","potentialAction":[{"@type":"ReadAction","target":["https:\/\/radiadorespg.com.br\/"]}]},{"@type":"BreadcrumbList","@id":"https:\/\/radiadorespg.com.br\/#breadcrumb","itemListElement":[{"@type":"ListItem","position":1,"name":"In\u00edcio","item":"https:\/\/radiadorespg.com.br\/"},{"@type":"ListItem","position":2,"name":"Radiadores PG"}]},{"@type":"WebSite","@id":"https:\/\/radiadorespg.com.br\/#website","url":"https:\/\/radiadorespg.com.br\/","name":"RadiadoresPG","description":"","potentialAction":[{"@type":"SearchAction","target":{"@type":"EntryPoint","urlTemplate":"https:\/\/radiadorespg.com.br\/?s={search_term_string}"},"query-input":"required name=search_term_string"}],"inLanguage":"pt-BR"}]}},"_links":{"self":[{"href":"https:\/\/radiadorespg.com.br\/index.php?rest_route=\/wp\/v2\/pages\/1125"}],"collection":[{"href":"https:\/\/radiadorespg.com.br\/index.php?rest_route=\/wp\/v2\/pages"}],"about":[{"href":"https:\/\/radiadorespg.com.br\/index.php?rest_route=\/wp\/v2\/types\/page"}],"author":[{"embeddable":true,"href":"https:\/\/radiadorespg.com.br\/index.php?rest_route=\/wp\/v2\/users\/1"}],"replies":[{"embeddable":true,"href":"https:\/\/radiadorespg.com.br\/index.php?rest_route=%2Fwp%2Fv2%2Fcomments&post=1125"}],"version-history":[{"count":58,"href":"https:\/\/radiadorespg.com.br\/index.php?rest_route=\/wp\/v2\/pages\/1125\/revisions"}],"predecessor-version":[{"id":1977,"href":"https:\/\/radiadorespg.com.br\/index.php?rest_route=\/wp\/v2\/pages\/1125\/revisions\/1977"}],"wp:attachment":[{"href":"https:\/\/radiadorespg.com.br\/index.php?rest_route=%2Fwp%2Fv2%2Fmedia&parent=1125"}],"curies":[{"name":"wp","href":"https:\/\/api.w.org\/{rel}","templated":true}]}}