{"id":1659,"date":"2019-10-14T16:37:08","date_gmt":"2019-10-14T19:37:08","guid":{"rendered":"https:\/\/radiadorespg.com.br\/?page_id=1659"},"modified":"2020-04-13T15:39:34","modified_gmt":"2020-04-13T18:39:34","slug":"servicos-4","status":"publish","type":"page","link":"https:\/\/radiadorespg.com.br\/?page_id=1659","title":{"rendered":"Servi\u00e7os"},"content":{"rendered":"<p>[vc_row][vc_column width=&#8221;1\/2&#8243;][vc_custom_heading text=&#8221;Fabrica\u00e7\u00e3o de Radiadores&#8221; google_fonts=&#8221;font_family:ABeeZee%3Aregular%2Citalic|font_style:400%20regular%3A400%3Anormal&#8221;][vc_column_text]Fabricamos radiadores de \u00e1gua, radiadores de \u00f3leo, intercoolers,\u00a0 trocadores de calor sob medida, modernos ou antigos[\/vc_column_text][vc_empty_space][\/vc_column][vc_column width=&#8221;1\/2&#8243;][vc_custom_heading text=&#8221;Servi\u00e7os de Remo\u00e7\u00e3o e Instala\u00e7\u00e3o&#8221; google_fonts=&#8221;font_family:ABeeZee%3Aregular%2Citalic|font_style:400%20regular%3A400%3Anormal&#8221;][vc_column_text]Equipe treinada para retirar e instalar os radiadores no local (empresa ou oficina).<\/p>\n<p>Ligue que n\u00f3s vamos at\u00e9 seu caminh\u00e3o ou oficina.Servi\u00e7o de coleta e entrega dentro da cidade de radiadores e condensadores sem altera\u00e7\u00e3o do custo.<\/p>\n<p>Condi\u00e7\u00f5es especiais para transportadores.[\/vc_column_text][\/vc_column][\/vc_row][vc_row][vc_column][vc_empty_space][vc_zigzag][\/vc_column][\/vc_row][vc_row][vc_column width=&#8221;1\/3&#8243;][vc_single_image image=&#8221;1764&#8243; img_size=&#8221;full&#8221;][vc_custom_heading text=&#8221;RADIADOR DE \u00d3LEO DO MB AXOR&#8221; font_container=&#8221;tag:div|text_align:justify&#8221;][\/vc_column][vc_column width=&#8221;1\/3&#8243;][vc_single_image image=&#8221;1766&#8243; img_size=&#8221;large&#8221;][vc_custom_heading text=&#8221;RADIADOR DE TRATOR FORD 1929&#8243; font_container=&#8221;tag:div|text_align:justify&#8221;][\/vc_column][vc_column width=&#8221;1\/3&#8243;][vc_single_image image=&#8221;1771&#8243; img_size=&#8221;large&#8221;][vc_custom_heading text=&#8221;CAIXA DE ALUM\u00cdNIO OU CAIXA DE META&#8221; font_container=&#8221;tag:div|text_align:justify&#8221;][\/vc_column][\/vc_row]<\/p>\n","protected":false},"excerpt":{"rendered":"<p>[vc_row][vc_column width=&#8221;1\/2&#8243;][vc_custom_heading text=&#8221;Fabrica\u00e7\u00e3o de Radiadores&#8221; google_fonts=&#8221;font_family:ABeeZee%3Aregular%2Citalic|font_style:400%20regular%3A400%3Anormal&#8221;][vc_column_text]Fabricamos radiadores de \u00e1gua, radiadores de \u00f3leo, intercoolers,\u00a0 trocadores de calor sob medida, modernos ou antigos[\/vc_column_text][vc_empty_space][\/vc_column][vc_column width=&#8221;1\/2&#8243;][vc_custom_heading text=&#8221;Servi\u00e7os de Remo\u00e7\u00e3o e Instala\u00e7\u00e3o&#8221; google_fonts=&#8221;font_family:ABeeZee%3Aregular%2Citalic|font_style:400%20regular%3A400%3Anormal&#8221;][vc_column_text]Equipe treinada para retirar e instalar os radiadores no local (empresa ou oficina). Ligue que n\u00f3s vamos at\u00e9 seu caminh\u00e3o ou oficina.Servi\u00e7o de coleta e entrega dentro da<\/p>\n","protected":false},"author":1,"featured_media":0,"parent":0,"menu_order":0,"comment_status":"closed","ping_status":"closed","template":"","meta":[],"yoast_head":"<!-- This site is optimized with the Yoast SEO plugin v22.7 - https:\/\/yoast.com\/wordpress\/plugins\/seo\/ -->\n<title>Servi\u00e7os - RadiadoresPG<\/title>\n<meta name=\"robots\" content=\"index, follow, max-snippet:-1, max-image-preview:large, max-video-preview:-1\" \/>\n<link rel=\"canonical\" href=\"https:\/\/radiadorespg.com.br\/?page_id=1659\" \/>\n<meta property=\"og:locale\" content=\"pt_BR\" \/>\n<meta property=\"og:type\" content=\"article\" \/>\n<meta property=\"og:title\" content=\"Servi\u00e7os - RadiadoresPG\" \/>\n<meta property=\"og:description\" content=\"[vc_row][vc_column width=&#8221;1\/2&#8243;][vc_custom_heading text=&#8221;Fabrica\u00e7\u00e3o de Radiadores&#8221; google_fonts=&#8221;font_family:ABeeZee%3Aregular%2Citalic|font_style:400%20regular%3A400%3Anormal&#8221;][vc_column_text]Fabricamos radiadores de \u00e1gua, radiadores de \u00f3leo, intercoolers,\u00a0 trocadores de calor sob medida, modernos ou antigos[\/vc_column_text][vc_empty_space][\/vc_column][vc_column width=&#8221;1\/2&#8243;][vc_custom_heading text=&#8221;Servi\u00e7os de Remo\u00e7\u00e3o e Instala\u00e7\u00e3o&#8221; google_fonts=&#8221;font_family:ABeeZee%3Aregular%2Citalic|font_style:400%20regular%3A400%3Anormal&#8221;][vc_column_text]Equipe treinada para retirar e instalar os radiadores no local (empresa ou oficina). Ligue que n\u00f3s vamos at\u00e9 seu caminh\u00e3o ou oficina.Servi\u00e7o de coleta e entrega dentro da\" \/>\n<meta property=\"og:url\" content=\"https:\/\/radiadorespg.com.br\/?page_id=1659\" \/>\n<meta property=\"og:site_name\" content=\"RadiadoresPG\" \/>\n<meta property=\"article:modified_time\" content=\"2020-04-13T18:39:34+00:00\" \/>\n<meta name=\"twitter:card\" content=\"summary_large_image\" \/>\n<meta name=\"twitter:label1\" content=\"Est. tempo de leitura\" \/>\n\t<meta name=\"twitter:data1\" content=\"1 minuto\" \/>\n<script type=\"application\/ld+json\" class=\"yoast-schema-graph\">{\"@context\":\"https:\/\/schema.org\",\"@graph\":[{\"@type\":\"WebPage\",\"@id\":\"https:\/\/radiadorespg.com.br\/?page_id=1659\",\"url\":\"https:\/\/radiadorespg.com.br\/?page_id=1659\",\"name\":\"Servi\u00e7os - RadiadoresPG\",\"isPartOf\":{\"@id\":\"https:\/\/radiadorespg.com.br\/#website\"},\"datePublished\":\"2019-10-14T19:37:08+00:00\",\"dateModified\":\"2020-04-13T18:39:34+00:00\",\"breadcrumb\":{\"@id\":\"https:\/\/radiadorespg.com.br\/?page_id=1659#breadcrumb\"},\"inLanguage\":\"pt-BR\",\"potentialAction\":[{\"@type\":\"ReadAction\",\"target\":[\"https:\/\/radiadorespg.com.br\/?page_id=1659\"]}]},{\"@type\":\"BreadcrumbList\",\"@id\":\"https:\/\/radiadorespg.com.br\/?page_id=1659#breadcrumb\",\"itemListElement\":[{\"@type\":\"ListItem\",\"position\":1,\"name\":\"In\u00edcio\",\"item\":\"https:\/\/radiadorespg.com.br\/\"},{\"@type\":\"ListItem\",\"position\":2,\"name\":\"Servi\u00e7os\"}]},{\"@type\":\"WebSite\",\"@id\":\"https:\/\/radiadorespg.com.br\/#website\",\"url\":\"https:\/\/radiadorespg.com.br\/\",\"name\":\"RadiadoresPG\",\"description\":\"\",\"potentialAction\":[{\"@type\":\"SearchAction\",\"target\":{\"@type\":\"EntryPoint\",\"urlTemplate\":\"https:\/\/radiadorespg.com.br\/?s={search_term_string}\"},\"query-input\":\"required name=search_term_string\"}],\"inLanguage\":\"pt-BR\"}]}<\/script>\n<!-- \/ Yoast SEO plugin. -->","yoast_head_json":{"title":"Servi\u00e7os - RadiadoresPG","robots":{"index":"index","follow":"follow","max-snippet":"max-snippet:-1","max-image-preview":"max-image-preview:large","max-video-preview":"max-video-preview:-1"},"canonical":"https:\/\/radiadorespg.com.br\/?page_id=1659","og_locale":"pt_BR","og_type":"article","og_title":"Servi\u00e7os - RadiadoresPG","og_description":"[vc_row][vc_column width=&#8221;1\/2&#8243;][vc_custom_heading text=&#8221;Fabrica\u00e7\u00e3o de Radiadores&#8221; google_fonts=&#8221;font_family:ABeeZee%3Aregular%2Citalic|font_style:400%20regular%3A400%3Anormal&#8221;][vc_column_text]Fabricamos radiadores de \u00e1gua, radiadores de \u00f3leo, intercoolers,\u00a0 trocadores de calor sob medida, modernos ou antigos[\/vc_column_text][vc_empty_space][\/vc_column][vc_column width=&#8221;1\/2&#8243;][vc_custom_heading text=&#8221;Servi\u00e7os de Remo\u00e7\u00e3o e Instala\u00e7\u00e3o&#8221; google_fonts=&#8221;font_family:ABeeZee%3Aregular%2Citalic|font_style:400%20regular%3A400%3Anormal&#8221;][vc_column_text]Equipe treinada para retirar e instalar os radiadores no local (empresa ou oficina). Ligue que n\u00f3s vamos at\u00e9 seu caminh\u00e3o ou oficina.Servi\u00e7o de coleta e entrega dentro da","og_url":"https:\/\/radiadorespg.com.br\/?page_id=1659","og_site_name":"RadiadoresPG","article_modified_time":"2020-04-13T18:39:34+00:00","twitter_card":"summary_large_image","twitter_misc":{"Est. tempo de leitura":"1 minuto"},"schema":{"@context":"https:\/\/schema.org","@graph":[{"@type":"WebPage","@id":"https:\/\/radiadorespg.com.br\/?page_id=1659","url":"https:\/\/radiadorespg.com.br\/?page_id=1659","name":"Servi\u00e7os - RadiadoresPG","isPartOf":{"@id":"https:\/\/radiadorespg.com.br\/#website"},"datePublished":"2019-10-14T19:37:08+00:00","dateModified":"2020-04-13T18:39:34+00:00","breadcrumb":{"@id":"https:\/\/radiadorespg.com.br\/?page_id=1659#breadcrumb"},"inLanguage":"pt-BR","potentialAction":[{"@type":"ReadAction","target":["https:\/\/radiadorespg.com.br\/?page_id=1659"]}]},{"@type":"BreadcrumbList","@id":"https:\/\/radiadorespg.com.br\/?page_id=1659#breadcrumb","itemListElement":[{"@type":"ListItem","position":1,"name":"In\u00edcio","item":"https:\/\/radiadorespg.com.br\/"},{"@type":"ListItem","position":2,"name":"Servi\u00e7os"}]},{"@type":"WebSite","@id":"https:\/\/radiadorespg.com.br\/#website","url":"https:\/\/radiadorespg.com.br\/","name":"RadiadoresPG","description":"","potentialAction":[{"@type":"SearchAction","target":{"@type":"EntryPoint","urlTemplate":"https:\/\/radiadorespg.com.br\/?s={search_term_string}"},"query-input":"required name=search_term_string"}],"inLanguage":"pt-BR"}]}},"_links":{"self":[{"href":"https:\/\/radiadorespg.com.br\/index.php?rest_route=\/wp\/v2\/pages\/1659"}],"collection":[{"href":"https:\/\/radiadorespg.com.br\/index.php?rest_route=\/wp\/v2\/pages"}],"about":[{"href":"https:\/\/radiadorespg.com.br\/index.php?rest_route=\/wp\/v2\/types\/page"}],"author":[{"embeddable":true,"href":"https:\/\/radiadorespg.com.br\/index.php?rest_route=\/wp\/v2\/users\/1"}],"replies":[{"embeddable":true,"href":"https:\/\/radiadorespg.com.br\/index.php?rest_route=%2Fwp%2Fv2%2Fcomments&post=1659"}],"version-history":[{"count":27,"href":"https:\/\/radiadorespg.com.br\/index.php?rest_route=\/wp\/v2\/pages\/1659\/revisions"}],"predecessor-version":[{"id":1948,"href":"https:\/\/radiadorespg.com.br\/index.php?rest_route=\/wp\/v2\/pages\/1659\/revisions\/1948"}],"wp:attachment":[{"href":"https:\/\/radiadorespg.com.br\/index.php?rest_route=%2Fwp%2Fv2%2Fmedia&parent=1659"}],"curies":[{"name":"wp","href":"https:\/\/api.w.org\/{rel}","templated":true}]}}