{"id":1669,"date":"2019-10-14T16:48:43","date_gmt":"2019-10-14T19:48:43","guid":{"rendered":"https:\/\/radiadorespg.com.br\/?page_id=1669"},"modified":"2020-03-06T11:06:27","modified_gmt":"2020-03-06T14:06:27","slug":"diagnostico","status":"publish","type":"page","link":"https:\/\/radiadorespg.com.br\/?page_id=1669","title":{"rendered":"Diagn\u00f3stico de falhas"},"content":{"rendered":"<p>[vc_row][vc_column width=&#8221;1\/3&#8243;][vc_column_text]<strong>VERIFICA\u00c7\u00c3O E CORRE\u00c7\u00c3O DE PROBLEMAS NA\u00a0 PARTE EL\u00c9TRICA<\/strong>[\/vc_column_text][vc_images_carousel images=&#8221;1811&#8243; img_size=&#8221;300&#215;200&#8243; onclick=&#8221;link_no&#8221; autoplay=&#8221;yes&#8221; hide_pagination_control=&#8221;yes&#8221;][\/vc_column][vc_column width=&#8221;1\/3&#8243;][vc_column_text]<strong>VERIFICA\u00c7\u00c3O E CORRE\u00c7\u00c3O DE PROBLEMAS NA\u00a0 PARTE\u00a0<\/strong><b>ELETR\u00d4NICA<\/b>[\/vc_column_text][vc_images_carousel images=&#8221;1814&#8243; img_size=&#8221;300&#215;200&#8243; onclick=&#8221;link_no&#8221; autoplay=&#8221;yes&#8221; hide_pagination_control=&#8221;yes&#8221;][\/vc_column][vc_column width=&#8221;1\/3&#8243;][vc_column_text]<strong>TESTES<\/strong><\/p>\n<p>Realizamos testes dos sistemas de arrefecimento e do intercooler.[\/vc_column_text][\/vc_column][\/vc_row]<\/p>\n","protected":false},"excerpt":{"rendered":"<p>[vc_row][vc_column width=&#8221;1\/3&#8243;][vc_column_text]VERIFICA\u00c7\u00c3O E CORRE\u00c7\u00c3O DE PROBLEMAS NA\u00a0 PARTE EL\u00c9TRICA[\/vc_column_text][vc_images_carousel images=&#8221;1811&#8243; img_size=&#8221;300&#215;200&#8243; onclick=&#8221;link_no&#8221; autoplay=&#8221;yes&#8221; hide_pagination_control=&#8221;yes&#8221;][\/vc_column][vc_column width=&#8221;1\/3&#8243;][vc_column_text]VERIFICA\u00c7\u00c3O E CORRE\u00c7\u00c3O DE PROBLEMAS NA\u00a0 PARTE\u00a0ELETR\u00d4NICA[\/vc_column_text][vc_images_carousel images=&#8221;1814&#8243; img_size=&#8221;300&#215;200&#8243; onclick=&#8221;link_no&#8221; autoplay=&#8221;yes&#8221; hide_pagination_control=&#8221;yes&#8221;][\/vc_column][vc_column width=&#8221;1\/3&#8243;][vc_column_text]TESTES Realizamos testes dos sistemas de arrefecimento e do intercooler.[\/vc_column_text][\/vc_column][\/vc_row]<\/p>\n","protected":false},"author":1,"featured_media":0,"parent":0,"menu_order":0,"comment_status":"closed","ping_status":"closed","template":"","meta":[],"yoast_head":"<!-- This site is optimized with the Yoast SEO plugin v22.7 - https:\/\/yoast.com\/wordpress\/plugins\/seo\/ -->\n<title>Diagn\u00f3stico de falhas - RadiadoresPG<\/title>\n<meta name=\"robots\" content=\"index, follow, max-snippet:-1, max-image-preview:large, max-video-preview:-1\" \/>\n<link rel=\"canonical\" href=\"https:\/\/radiadorespg.com.br\/?page_id=1669\" \/>\n<meta property=\"og:locale\" content=\"pt_BR\" \/>\n<meta property=\"og:type\" content=\"article\" \/>\n<meta property=\"og:title\" content=\"Diagn\u00f3stico de falhas - RadiadoresPG\" \/>\n<meta property=\"og:description\" content=\"[vc_row][vc_column width=&#8221;1\/3&#8243;][vc_column_text]VERIFICA\u00c7\u00c3O E CORRE\u00c7\u00c3O DE PROBLEMAS NA\u00a0 PARTE EL\u00c9TRICA[\/vc_column_text][vc_images_carousel images=&#8221;1811&#8243; img_size=&#8221;300&#215;200&#8243; onclick=&#8221;link_no&#8221; autoplay=&#8221;yes&#8221; hide_pagination_control=&#8221;yes&#8221;][\/vc_column][vc_column width=&#8221;1\/3&#8243;][vc_column_text]VERIFICA\u00c7\u00c3O E CORRE\u00c7\u00c3O DE PROBLEMAS NA\u00a0 PARTE\u00a0ELETR\u00d4NICA[\/vc_column_text][vc_images_carousel images=&#8221;1814&#8243; img_size=&#8221;300&#215;200&#8243; onclick=&#8221;link_no&#8221; autoplay=&#8221;yes&#8221; hide_pagination_control=&#8221;yes&#8221;][\/vc_column][vc_column width=&#8221;1\/3&#8243;][vc_column_text]TESTES Realizamos testes dos sistemas de arrefecimento e do intercooler.[\/vc_column_text][\/vc_column][\/vc_row]\" \/>\n<meta property=\"og:url\" content=\"https:\/\/radiadorespg.com.br\/?page_id=1669\" \/>\n<meta property=\"og:site_name\" content=\"RadiadoresPG\" \/>\n<meta property=\"article:modified_time\" content=\"2020-03-06T14:06:27+00:00\" \/>\n<meta name=\"twitter:card\" content=\"summary_large_image\" \/>\n<meta name=\"twitter:label1\" content=\"Est. tempo de leitura\" \/>\n\t<meta name=\"twitter:data1\" content=\"1 minuto\" \/>\n<script type=\"application\/ld+json\" class=\"yoast-schema-graph\">{\"@context\":\"https:\/\/schema.org\",\"@graph\":[{\"@type\":\"WebPage\",\"@id\":\"https:\/\/radiadorespg.com.br\/?page_id=1669\",\"url\":\"https:\/\/radiadorespg.com.br\/?page_id=1669\",\"name\":\"Diagn\u00f3stico de falhas - RadiadoresPG\",\"isPartOf\":{\"@id\":\"https:\/\/radiadorespg.com.br\/#website\"},\"datePublished\":\"2019-10-14T19:48:43+00:00\",\"dateModified\":\"2020-03-06T14:06:27+00:00\",\"breadcrumb\":{\"@id\":\"https:\/\/radiadorespg.com.br\/?page_id=1669#breadcrumb\"},\"inLanguage\":\"pt-BR\",\"potentialAction\":[{\"@type\":\"ReadAction\",\"target\":[\"https:\/\/radiadorespg.com.br\/?page_id=1669\"]}]},{\"@type\":\"BreadcrumbList\",\"@id\":\"https:\/\/radiadorespg.com.br\/?page_id=1669#breadcrumb\",\"itemListElement\":[{\"@type\":\"ListItem\",\"position\":1,\"name\":\"In\u00edcio\",\"item\":\"https:\/\/radiadorespg.com.br\/\"},{\"@type\":\"ListItem\",\"position\":2,\"name\":\"Diagn\u00f3stico de falhas\"}]},{\"@type\":\"WebSite\",\"@id\":\"https:\/\/radiadorespg.com.br\/#website\",\"url\":\"https:\/\/radiadorespg.com.br\/\",\"name\":\"RadiadoresPG\",\"description\":\"\",\"potentialAction\":[{\"@type\":\"SearchAction\",\"target\":{\"@type\":\"EntryPoint\",\"urlTemplate\":\"https:\/\/radiadorespg.com.br\/?s={search_term_string}\"},\"query-input\":\"required name=search_term_string\"}],\"inLanguage\":\"pt-BR\"}]}<\/script>\n<!-- \/ Yoast SEO plugin. -->","yoast_head_json":{"title":"Diagn\u00f3stico de falhas - RadiadoresPG","robots":{"index":"index","follow":"follow","max-snippet":"max-snippet:-1","max-image-preview":"max-image-preview:large","max-video-preview":"max-video-preview:-1"},"canonical":"https:\/\/radiadorespg.com.br\/?page_id=1669","og_locale":"pt_BR","og_type":"article","og_title":"Diagn\u00f3stico de falhas - RadiadoresPG","og_description":"[vc_row][vc_column width=&#8221;1\/3&#8243;][vc_column_text]VERIFICA\u00c7\u00c3O E CORRE\u00c7\u00c3O DE PROBLEMAS NA\u00a0 PARTE EL\u00c9TRICA[\/vc_column_text][vc_images_carousel images=&#8221;1811&#8243; img_size=&#8221;300&#215;200&#8243; onclick=&#8221;link_no&#8221; autoplay=&#8221;yes&#8221; hide_pagination_control=&#8221;yes&#8221;][\/vc_column][vc_column width=&#8221;1\/3&#8243;][vc_column_text]VERIFICA\u00c7\u00c3O E CORRE\u00c7\u00c3O DE PROBLEMAS NA\u00a0 PARTE\u00a0ELETR\u00d4NICA[\/vc_column_text][vc_images_carousel images=&#8221;1814&#8243; img_size=&#8221;300&#215;200&#8243; onclick=&#8221;link_no&#8221; autoplay=&#8221;yes&#8221; hide_pagination_control=&#8221;yes&#8221;][\/vc_column][vc_column width=&#8221;1\/3&#8243;][vc_column_text]TESTES Realizamos testes dos sistemas de arrefecimento e do intercooler.[\/vc_column_text][\/vc_column][\/vc_row]","og_url":"https:\/\/radiadorespg.com.br\/?page_id=1669","og_site_name":"RadiadoresPG","article_modified_time":"2020-03-06T14:06:27+00:00","twitter_card":"summary_large_image","twitter_misc":{"Est. tempo de leitura":"1 minuto"},"schema":{"@context":"https:\/\/schema.org","@graph":[{"@type":"WebPage","@id":"https:\/\/radiadorespg.com.br\/?page_id=1669","url":"https:\/\/radiadorespg.com.br\/?page_id=1669","name":"Diagn\u00f3stico de falhas - RadiadoresPG","isPartOf":{"@id":"https:\/\/radiadorespg.com.br\/#website"},"datePublished":"2019-10-14T19:48:43+00:00","dateModified":"2020-03-06T14:06:27+00:00","breadcrumb":{"@id":"https:\/\/radiadorespg.com.br\/?page_id=1669#breadcrumb"},"inLanguage":"pt-BR","potentialAction":[{"@type":"ReadAction","target":["https:\/\/radiadorespg.com.br\/?page_id=1669"]}]},{"@type":"BreadcrumbList","@id":"https:\/\/radiadorespg.com.br\/?page_id=1669#breadcrumb","itemListElement":[{"@type":"ListItem","position":1,"name":"In\u00edcio","item":"https:\/\/radiadorespg.com.br\/"},{"@type":"ListItem","position":2,"name":"Diagn\u00f3stico de falhas"}]},{"@type":"WebSite","@id":"https:\/\/radiadorespg.com.br\/#website","url":"https:\/\/radiadorespg.com.br\/","name":"RadiadoresPG","description":"","potentialAction":[{"@type":"SearchAction","target":{"@type":"EntryPoint","urlTemplate":"https:\/\/radiadorespg.com.br\/?s={search_term_string}"},"query-input":"required name=search_term_string"}],"inLanguage":"pt-BR"}]}},"_links":{"self":[{"href":"https:\/\/radiadorespg.com.br\/index.php?rest_route=\/wp\/v2\/pages\/1669"}],"collection":[{"href":"https:\/\/radiadorespg.com.br\/index.php?rest_route=\/wp\/v2\/pages"}],"about":[{"href":"https:\/\/radiadorespg.com.br\/index.php?rest_route=\/wp\/v2\/types\/page"}],"author":[{"embeddable":true,"href":"https:\/\/radiadorespg.com.br\/index.php?rest_route=\/wp\/v2\/users\/1"}],"replies":[{"embeddable":true,"href":"https:\/\/radiadorespg.com.br\/index.php?rest_route=%2Fwp%2Fv2%2Fcomments&post=1669"}],"version-history":[{"count":10,"href":"https:\/\/radiadorespg.com.br\/index.php?rest_route=\/wp\/v2\/pages\/1669\/revisions"}],"predecessor-version":[{"id":1938,"href":"https:\/\/radiadorespg.com.br\/index.php?rest_route=\/wp\/v2\/pages\/1669\/revisions\/1938"}],"wp:attachment":[{"href":"https:\/\/radiadorespg.com.br\/index.php?rest_route=%2Fwp%2Fv2%2Fmedia&parent=1669"}],"curies":[{"name":"wp","href":"https:\/\/api.w.org\/{rel}","templated":true}]}}