{"id":1678,"date":"2019-10-14T16:53:55","date_gmt":"2019-10-14T19:53:55","guid":{"rendered":"https:\/\/radiadorespg.com.br\/?page_id=1678"},"modified":"2020-03-06T11:10:00","modified_gmt":"2020-03-06T14:10:00","slug":"pecas","status":"publish","type":"page","link":"https:\/\/radiadorespg.com.br\/?page_id=1678","title":{"rendered":"Pe\u00e7as"},"content":{"rendered":"<p>[vc_row][vc_column][vc_column_text]<strong>PE\u00c7AS<\/strong><\/p>\n<p>Compressores, filtro secador e acumulador e de cabine, condensadores, pressostato, termostato e demais pe\u00e7as p repara\u00e7\u00e3o do sistema,\u00a0 p linha pesada, fora de estrada e maquinas agr\u00edcolas.[\/vc_column_text][\/vc_column][\/vc_row][vc_row][vc_column width=&#8221;1\/3&#8243;][vc_column_text]<strong>\u00a0VENTILADORES DE CABINE<\/strong>[\/vc_column_text][vc_images_carousel images=&#8221;1778&#8243; img_size=&#8221;200&#215;180&#8243; onclick=&#8221;link_no&#8221; autoplay=&#8221;yes&#8221;][\/vc_column][vc_column width=&#8221;1\/3&#8243;][vc_column_text]<strong>FILTRO SEC E ACUMULADOR\u00a0<\/strong>[\/vc_column_text][vc_images_carousel images=&#8221;1775&#8243; img_size=&#8221;200X200&#8243; onclick=&#8221;link_no&#8221; autoplay=&#8221;yes&#8221;][\/vc_column][vc_column width=&#8221;1\/3&#8243;][vc_column_text]<strong>CONDENSADORES <\/strong>[\/vc_column_text][vc_images_carousel images=&#8221;1776&#8243; img_size=&#8221;500&#215;300&#8243; onclick=&#8221;link_no&#8221; autoplay=&#8221;yes&#8221;][\/vc_column][\/vc_row][vc_row][vc_column width=&#8221;1\/3&#8243;][\/vc_column][vc_column width=&#8221;1\/3&#8243;][vc_column_text]<strong>COMPRESSORES<\/strong>[\/vc_column_text][vc_images_carousel images=&#8221;1774,1773&#8243; img_size=&#8221;200X200&#8243; onclick=&#8221;link_no&#8221; autoplay=&#8221;yes&#8221;][\/vc_column][vc_column width=&#8221;1\/3&#8243;][\/vc_column][\/vc_row]<\/p>\n","protected":false},"excerpt":{"rendered":"<p>[vc_row][vc_column][vc_column_text]PE\u00c7AS Compressores, filtro secador e acumulador e de cabine, condensadores, pressostato, termostato e demais pe\u00e7as p repara\u00e7\u00e3o do sistema,\u00a0 p linha pesada, fora de estrada e maquinas agr\u00edcolas.[\/vc_column_text][\/vc_column][\/vc_row][vc_row][vc_column width=&#8221;1\/3&#8243;][vc_column_text]\u00a0VENTILADORES DE CABINE[\/vc_column_text][vc_images_carousel images=&#8221;1778&#8243; img_size=&#8221;200&#215;180&#8243; onclick=&#8221;link_no&#8221; autoplay=&#8221;yes&#8221;][\/vc_column][vc_column width=&#8221;1\/3&#8243;][vc_column_text]FILTRO SEC E ACUMULADOR\u00a0[\/vc_column_text][vc_images_carousel images=&#8221;1775&#8243; img_size=&#8221;200X200&#8243; onclick=&#8221;link_no&#8221; autoplay=&#8221;yes&#8221;][\/vc_column][vc_column width=&#8221;1\/3&#8243;][vc_column_text]CONDENSADORES [\/vc_column_text][vc_images_carousel images=&#8221;1776&#8243; img_size=&#8221;500&#215;300&#8243; onclick=&#8221;link_no&#8221; autoplay=&#8221;yes&#8221;][\/vc_column][\/vc_row][vc_row][vc_column width=&#8221;1\/3&#8243;][\/vc_column][vc_column width=&#8221;1\/3&#8243;][vc_column_text]COMPRESSORES[\/vc_column_text][vc_images_carousel images=&#8221;1774,1773&#8243; img_size=&#8221;200X200&#8243; onclick=&#8221;link_no&#8221; autoplay=&#8221;yes&#8221;][\/vc_column][vc_column<\/p>\n","protected":false},"author":1,"featured_media":0,"parent":0,"menu_order":0,"comment_status":"closed","ping_status":"closed","template":"","meta":[],"yoast_head":"<!-- This site is optimized with the Yoast SEO plugin v22.7 - https:\/\/yoast.com\/wordpress\/plugins\/seo\/ -->\n<title>Pe\u00e7as - RadiadoresPG<\/title>\n<meta name=\"robots\" content=\"index, follow, max-snippet:-1, max-image-preview:large, max-video-preview:-1\" \/>\n<link rel=\"canonical\" href=\"https:\/\/radiadorespg.com.br\/?page_id=1678\" \/>\n<meta property=\"og:locale\" content=\"pt_BR\" \/>\n<meta property=\"og:type\" content=\"article\" \/>\n<meta property=\"og:title\" content=\"Pe\u00e7as - RadiadoresPG\" \/>\n<meta property=\"og:description\" content=\"[vc_row][vc_column][vc_column_text]PE\u00c7AS Compressores, filtro secador e acumulador e de cabine, condensadores, pressostato, termostato e demais pe\u00e7as p repara\u00e7\u00e3o do sistema,\u00a0 p linha pesada, fora de estrada e maquinas agr\u00edcolas.[\/vc_column_text][\/vc_column][\/vc_row][vc_row][vc_column width=&#8221;1\/3&#8243;][vc_column_text]\u00a0VENTILADORES DE CABINE[\/vc_column_text][vc_images_carousel images=&#8221;1778&#8243; img_size=&#8221;200&#215;180&#8243; onclick=&#8221;link_no&#8221; autoplay=&#8221;yes&#8221;][\/vc_column][vc_column width=&#8221;1\/3&#8243;][vc_column_text]FILTRO SEC E ACUMULADOR\u00a0[\/vc_column_text][vc_images_carousel images=&#8221;1775&#8243; img_size=&#8221;200X200&#8243; onclick=&#8221;link_no&#8221; autoplay=&#8221;yes&#8221;][\/vc_column][vc_column width=&#8221;1\/3&#8243;][vc_column_text]CONDENSADORES [\/vc_column_text][vc_images_carousel images=&#8221;1776&#8243; img_size=&#8221;500&#215;300&#8243; onclick=&#8221;link_no&#8221; autoplay=&#8221;yes&#8221;][\/vc_column][\/vc_row][vc_row][vc_column width=&#8221;1\/3&#8243;][\/vc_column][vc_column width=&#8221;1\/3&#8243;][vc_column_text]COMPRESSORES[\/vc_column_text][vc_images_carousel images=&#8221;1774,1773&#8243; img_size=&#8221;200X200&#8243; onclick=&#8221;link_no&#8221; autoplay=&#8221;yes&#8221;][\/vc_column][vc_column\" \/>\n<meta property=\"og:url\" content=\"https:\/\/radiadorespg.com.br\/?page_id=1678\" \/>\n<meta property=\"og:site_name\" content=\"RadiadoresPG\" \/>\n<meta property=\"article:modified_time\" content=\"2020-03-06T14:10:00+00:00\" \/>\n<meta name=\"twitter:card\" content=\"summary_large_image\" \/>\n<meta name=\"twitter:label1\" content=\"Est. tempo de leitura\" \/>\n\t<meta name=\"twitter:data1\" content=\"1 minuto\" \/>\n<script type=\"application\/ld+json\" class=\"yoast-schema-graph\">{\"@context\":\"https:\/\/schema.org\",\"@graph\":[{\"@type\":\"WebPage\",\"@id\":\"https:\/\/radiadorespg.com.br\/?page_id=1678\",\"url\":\"https:\/\/radiadorespg.com.br\/?page_id=1678\",\"name\":\"Pe\u00e7as - RadiadoresPG\",\"isPartOf\":{\"@id\":\"https:\/\/radiadorespg.com.br\/#website\"},\"datePublished\":\"2019-10-14T19:53:55+00:00\",\"dateModified\":\"2020-03-06T14:10:00+00:00\",\"breadcrumb\":{\"@id\":\"https:\/\/radiadorespg.com.br\/?page_id=1678#breadcrumb\"},\"inLanguage\":\"pt-BR\",\"potentialAction\":[{\"@type\":\"ReadAction\",\"target\":[\"https:\/\/radiadorespg.com.br\/?page_id=1678\"]}]},{\"@type\":\"BreadcrumbList\",\"@id\":\"https:\/\/radiadorespg.com.br\/?page_id=1678#breadcrumb\",\"itemListElement\":[{\"@type\":\"ListItem\",\"position\":1,\"name\":\"In\u00edcio\",\"item\":\"https:\/\/radiadorespg.com.br\/\"},{\"@type\":\"ListItem\",\"position\":2,\"name\":\"Pe\u00e7as\"}]},{\"@type\":\"WebSite\",\"@id\":\"https:\/\/radiadorespg.com.br\/#website\",\"url\":\"https:\/\/radiadorespg.com.br\/\",\"name\":\"RadiadoresPG\",\"description\":\"\",\"potentialAction\":[{\"@type\":\"SearchAction\",\"target\":{\"@type\":\"EntryPoint\",\"urlTemplate\":\"https:\/\/radiadorespg.com.br\/?s={search_term_string}\"},\"query-input\":\"required name=search_term_string\"}],\"inLanguage\":\"pt-BR\"}]}<\/script>\n<!-- \/ Yoast SEO plugin. -->","yoast_head_json":{"title":"Pe\u00e7as - RadiadoresPG","robots":{"index":"index","follow":"follow","max-snippet":"max-snippet:-1","max-image-preview":"max-image-preview:large","max-video-preview":"max-video-preview:-1"},"canonical":"https:\/\/radiadorespg.com.br\/?page_id=1678","og_locale":"pt_BR","og_type":"article","og_title":"Pe\u00e7as - RadiadoresPG","og_description":"[vc_row][vc_column][vc_column_text]PE\u00c7AS Compressores, filtro secador e acumulador e de cabine, condensadores, pressostato, termostato e demais pe\u00e7as p repara\u00e7\u00e3o do sistema,\u00a0 p linha pesada, fora de estrada e maquinas agr\u00edcolas.[\/vc_column_text][\/vc_column][\/vc_row][vc_row][vc_column width=&#8221;1\/3&#8243;][vc_column_text]\u00a0VENTILADORES DE CABINE[\/vc_column_text][vc_images_carousel images=&#8221;1778&#8243; img_size=&#8221;200&#215;180&#8243; onclick=&#8221;link_no&#8221; autoplay=&#8221;yes&#8221;][\/vc_column][vc_column width=&#8221;1\/3&#8243;][vc_column_text]FILTRO SEC E ACUMULADOR\u00a0[\/vc_column_text][vc_images_carousel images=&#8221;1775&#8243; img_size=&#8221;200X200&#8243; onclick=&#8221;link_no&#8221; autoplay=&#8221;yes&#8221;][\/vc_column][vc_column width=&#8221;1\/3&#8243;][vc_column_text]CONDENSADORES [\/vc_column_text][vc_images_carousel images=&#8221;1776&#8243; img_size=&#8221;500&#215;300&#8243; onclick=&#8221;link_no&#8221; autoplay=&#8221;yes&#8221;][\/vc_column][\/vc_row][vc_row][vc_column width=&#8221;1\/3&#8243;][\/vc_column][vc_column width=&#8221;1\/3&#8243;][vc_column_text]COMPRESSORES[\/vc_column_text][vc_images_carousel images=&#8221;1774,1773&#8243; img_size=&#8221;200X200&#8243; onclick=&#8221;link_no&#8221; autoplay=&#8221;yes&#8221;][\/vc_column][vc_column","og_url":"https:\/\/radiadorespg.com.br\/?page_id=1678","og_site_name":"RadiadoresPG","article_modified_time":"2020-03-06T14:10:00+00:00","twitter_card":"summary_large_image","twitter_misc":{"Est. tempo de leitura":"1 minuto"},"schema":{"@context":"https:\/\/schema.org","@graph":[{"@type":"WebPage","@id":"https:\/\/radiadorespg.com.br\/?page_id=1678","url":"https:\/\/radiadorespg.com.br\/?page_id=1678","name":"Pe\u00e7as - RadiadoresPG","isPartOf":{"@id":"https:\/\/radiadorespg.com.br\/#website"},"datePublished":"2019-10-14T19:53:55+00:00","dateModified":"2020-03-06T14:10:00+00:00","breadcrumb":{"@id":"https:\/\/radiadorespg.com.br\/?page_id=1678#breadcrumb"},"inLanguage":"pt-BR","potentialAction":[{"@type":"ReadAction","target":["https:\/\/radiadorespg.com.br\/?page_id=1678"]}]},{"@type":"BreadcrumbList","@id":"https:\/\/radiadorespg.com.br\/?page_id=1678#breadcrumb","itemListElement":[{"@type":"ListItem","position":1,"name":"In\u00edcio","item":"https:\/\/radiadorespg.com.br\/"},{"@type":"ListItem","position":2,"name":"Pe\u00e7as"}]},{"@type":"WebSite","@id":"https:\/\/radiadorespg.com.br\/#website","url":"https:\/\/radiadorespg.com.br\/","name":"RadiadoresPG","description":"","potentialAction":[{"@type":"SearchAction","target":{"@type":"EntryPoint","urlTemplate":"https:\/\/radiadorespg.com.br\/?s={search_term_string}"},"query-input":"required name=search_term_string"}],"inLanguage":"pt-BR"}]}},"_links":{"self":[{"href":"https:\/\/radiadorespg.com.br\/index.php?rest_route=\/wp\/v2\/pages\/1678"}],"collection":[{"href":"https:\/\/radiadorespg.com.br\/index.php?rest_route=\/wp\/v2\/pages"}],"about":[{"href":"https:\/\/radiadorespg.com.br\/index.php?rest_route=\/wp\/v2\/types\/page"}],"author":[{"embeddable":true,"href":"https:\/\/radiadorespg.com.br\/index.php?rest_route=\/wp\/v2\/users\/1"}],"replies":[{"embeddable":true,"href":"https:\/\/radiadorespg.com.br\/index.php?rest_route=%2Fwp%2Fv2%2Fcomments&post=1678"}],"version-history":[{"count":11,"href":"https:\/\/radiadorespg.com.br\/index.php?rest_route=\/wp\/v2\/pages\/1678\/revisions"}],"predecessor-version":[{"id":1941,"href":"https:\/\/radiadorespg.com.br\/index.php?rest_route=\/wp\/v2\/pages\/1678\/revisions\/1941"}],"wp:attachment":[{"href":"https:\/\/radiadorespg.com.br\/index.php?rest_route=%2Fwp%2Fv2%2Fmedia&parent=1678"}],"curies":[{"name":"wp","href":"https:\/\/api.w.org\/{rel}","templated":true}]}}