{"id":1857,"date":"2020-01-14T15:31:11","date_gmt":"2020-01-14T18:31:11","guid":{"rendered":"https:\/\/radiadorespg.com.br\/?page_id=1857"},"modified":"2020-03-06T11:09:55","modified_gmt":"2020-03-06T14:09:55","slug":"servicos-3","status":"publish","type":"page","link":"https:\/\/radiadorespg.com.br\/?page_id=1857","title":{"rendered":"Servi\u00e7os"},"content":{"rendered":"<p>[vc_row][vc_column width=&#8221;1\/4&#8243;][vc_column_text]<strong>REVIS\u00c3O NO SISTEMA <\/strong><\/p>\n<p>Revis\u00e3o completa ou parcial no sistema de ar condicionado, reciclagem e coloca\u00e7\u00e3o da carga de g\u00e1s , limpeza interna e externa no sistema.[\/vc_column_text][vc_images_carousel images=&#8221;1787,1788,1789,1790&#8243; img_size=&#8221;220&#215;200&#8243; onclick=&#8221;link_no&#8221; speed=&#8221;3000&#8243; autoplay=&#8221;yes&#8221; wrap=&#8221;yes&#8221;][\/vc_column][vc_column width=&#8221;1\/4&#8243;][vc_column_text]<strong>REPARO EM COMPRESSORES<\/strong><\/p>\n<p>Pe\u00e7as novas e repara\u00e7\u00e3o em geral dos compressores de ar condicionado[\/vc_column_text][vc_empty_space height=&#8221;27&#8243;][vc_images_carousel images=&#8221;1791,1792,1793&#8243; img_size=&#8221;220&#215;200&#8243; onclick=&#8221;link_no&#8221; speed=&#8221;3200&#8243; autoplay=&#8221;yes&#8221; wrap=&#8221;yes&#8221;][\/vc_column][vc_column width=&#8221;1\/4&#8243;][vc_column_text]<strong>CONSERTO DE CONDENSADORES<\/strong><\/p>\n<p>Pe\u00e7as novas e reparo e solda em condensadores com troca de rosca ou conex\u00e3o.[\/vc_column_text][vc_empty_space height=&#8221;27&#8243;][vc_images_carousel images=&#8221;1939&#8243; img_size=&#8221;220&#215;200&#8243; onclick=&#8221;link_no&#8221; speed=&#8221;3200&#8243; autoplay=&#8221;yes&#8221; wrap=&#8221;yes&#8221;][vc_empty_space][\/vc_column][vc_column width=&#8221;1\/4&#8243;][vc_column_text]<strong>MANGUEIRAS<\/strong><\/p>\n<p>Reparo e fabrica\u00e7\u00e3o de mangueiras, temos grande variedade de conex\u00f5es e medidas.[\/vc_column_text][vc_empty_space height=&#8221;27&#8243;][vc_images_carousel images=&#8221;1795,1796&#8243; img_size=&#8221;220&#215;200&#8243; onclick=&#8221;link_no&#8221; speed=&#8221;3200&#8243; autoplay=&#8221;yes&#8221; wrap=&#8221;yes&#8221;][\/vc_column][\/vc_row]<\/p>\n","protected":false},"excerpt":{"rendered":"<p>[vc_row][vc_column width=&#8221;1\/4&#8243;][vc_column_text]REVIS\u00c3O NO SISTEMA Revis\u00e3o completa ou parcial no sistema de ar condicionado, reciclagem e coloca\u00e7\u00e3o da carga de g\u00e1s , limpeza interna e externa no sistema.[\/vc_column_text][vc_images_carousel images=&#8221;1787,1788,1789,1790&#8243; img_size=&#8221;220&#215;200&#8243; onclick=&#8221;link_no&#8221; speed=&#8221;3000&#8243; autoplay=&#8221;yes&#8221; wrap=&#8221;yes&#8221;][\/vc_column][vc_column width=&#8221;1\/4&#8243;][vc_column_text]REPARO EM COMPRESSORES Pe\u00e7as novas e repara\u00e7\u00e3o em geral dos compressores de ar condicionado[\/vc_column_text][vc_empty_space height=&#8221;27&#8243;][vc_images_carousel images=&#8221;1791,1792,1793&#8243; img_size=&#8221;220&#215;200&#8243; onclick=&#8221;link_no&#8221; speed=&#8221;3200&#8243; autoplay=&#8221;yes&#8221; wrap=&#8221;yes&#8221;][\/vc_column][vc_column width=&#8221;1\/4&#8243;][vc_column_text]CONSERTO<\/p>\n","protected":false},"author":1,"featured_media":0,"parent":0,"menu_order":0,"comment_status":"closed","ping_status":"closed","template":"","meta":[],"yoast_head":"<!-- This site is optimized with the Yoast SEO plugin v22.7 - https:\/\/yoast.com\/wordpress\/plugins\/seo\/ -->\n<title>Servi\u00e7os - RadiadoresPG<\/title>\n<meta name=\"robots\" content=\"index, follow, max-snippet:-1, max-image-preview:large, max-video-preview:-1\" \/>\n<link rel=\"canonical\" href=\"https:\/\/radiadorespg.com.br\/?page_id=1857\" \/>\n<meta property=\"og:locale\" content=\"pt_BR\" \/>\n<meta property=\"og:type\" content=\"article\" \/>\n<meta property=\"og:title\" content=\"Servi\u00e7os - RadiadoresPG\" \/>\n<meta property=\"og:description\" content=\"[vc_row][vc_column width=&#8221;1\/4&#8243;][vc_column_text]REVIS\u00c3O NO SISTEMA Revis\u00e3o completa ou parcial no sistema de ar condicionado, reciclagem e coloca\u00e7\u00e3o da carga de g\u00e1s , limpeza interna e externa no sistema.[\/vc_column_text][vc_images_carousel images=&#8221;1787,1788,1789,1790&#8243; img_size=&#8221;220&#215;200&#8243; onclick=&#8221;link_no&#8221; speed=&#8221;3000&#8243; autoplay=&#8221;yes&#8221; wrap=&#8221;yes&#8221;][\/vc_column][vc_column width=&#8221;1\/4&#8243;][vc_column_text]REPARO EM COMPRESSORES Pe\u00e7as novas e repara\u00e7\u00e3o em geral dos compressores de ar condicionado[\/vc_column_text][vc_empty_space height=&#8221;27&#8243;][vc_images_carousel images=&#8221;1791,1792,1793&#8243; img_size=&#8221;220&#215;200&#8243; onclick=&#8221;link_no&#8221; speed=&#8221;3200&#8243; autoplay=&#8221;yes&#8221; wrap=&#8221;yes&#8221;][\/vc_column][vc_column width=&#8221;1\/4&#8243;][vc_column_text]CONSERTO\" \/>\n<meta property=\"og:url\" content=\"https:\/\/radiadorespg.com.br\/?page_id=1857\" \/>\n<meta property=\"og:site_name\" content=\"RadiadoresPG\" \/>\n<meta property=\"article:modified_time\" content=\"2020-03-06T14:09:55+00:00\" \/>\n<meta name=\"twitter:card\" content=\"summary_large_image\" \/>\n<meta name=\"twitter:label1\" content=\"Est. tempo de leitura\" \/>\n\t<meta name=\"twitter:data1\" content=\"1 minuto\" \/>\n<script type=\"application\/ld+json\" class=\"yoast-schema-graph\">{\"@context\":\"https:\/\/schema.org\",\"@graph\":[{\"@type\":\"WebPage\",\"@id\":\"https:\/\/radiadorespg.com.br\/?page_id=1857\",\"url\":\"https:\/\/radiadorespg.com.br\/?page_id=1857\",\"name\":\"Servi\u00e7os - RadiadoresPG\",\"isPartOf\":{\"@id\":\"https:\/\/radiadorespg.com.br\/#website\"},\"datePublished\":\"2020-01-14T18:31:11+00:00\",\"dateModified\":\"2020-03-06T14:09:55+00:00\",\"breadcrumb\":{\"@id\":\"https:\/\/radiadorespg.com.br\/?page_id=1857#breadcrumb\"},\"inLanguage\":\"pt-BR\",\"potentialAction\":[{\"@type\":\"ReadAction\",\"target\":[\"https:\/\/radiadorespg.com.br\/?page_id=1857\"]}]},{\"@type\":\"BreadcrumbList\",\"@id\":\"https:\/\/radiadorespg.com.br\/?page_id=1857#breadcrumb\",\"itemListElement\":[{\"@type\":\"ListItem\",\"position\":1,\"name\":\"In\u00edcio\",\"item\":\"https:\/\/radiadorespg.com.br\/\"},{\"@type\":\"ListItem\",\"position\":2,\"name\":\"Servi\u00e7os\"}]},{\"@type\":\"WebSite\",\"@id\":\"https:\/\/radiadorespg.com.br\/#website\",\"url\":\"https:\/\/radiadorespg.com.br\/\",\"name\":\"RadiadoresPG\",\"description\":\"\",\"potentialAction\":[{\"@type\":\"SearchAction\",\"target\":{\"@type\":\"EntryPoint\",\"urlTemplate\":\"https:\/\/radiadorespg.com.br\/?s={search_term_string}\"},\"query-input\":\"required name=search_term_string\"}],\"inLanguage\":\"pt-BR\"}]}<\/script>\n<!-- \/ Yoast SEO plugin. -->","yoast_head_json":{"title":"Servi\u00e7os - RadiadoresPG","robots":{"index":"index","follow":"follow","max-snippet":"max-snippet:-1","max-image-preview":"max-image-preview:large","max-video-preview":"max-video-preview:-1"},"canonical":"https:\/\/radiadorespg.com.br\/?page_id=1857","og_locale":"pt_BR","og_type":"article","og_title":"Servi\u00e7os - RadiadoresPG","og_description":"[vc_row][vc_column width=&#8221;1\/4&#8243;][vc_column_text]REVIS\u00c3O NO SISTEMA Revis\u00e3o completa ou parcial no sistema de ar condicionado, reciclagem e coloca\u00e7\u00e3o da carga de g\u00e1s , limpeza interna e externa no sistema.[\/vc_column_text][vc_images_carousel images=&#8221;1787,1788,1789,1790&#8243; img_size=&#8221;220&#215;200&#8243; onclick=&#8221;link_no&#8221; speed=&#8221;3000&#8243; autoplay=&#8221;yes&#8221; wrap=&#8221;yes&#8221;][\/vc_column][vc_column width=&#8221;1\/4&#8243;][vc_column_text]REPARO EM COMPRESSORES Pe\u00e7as novas e repara\u00e7\u00e3o em geral dos compressores de ar condicionado[\/vc_column_text][vc_empty_space height=&#8221;27&#8243;][vc_images_carousel images=&#8221;1791,1792,1793&#8243; img_size=&#8221;220&#215;200&#8243; onclick=&#8221;link_no&#8221; speed=&#8221;3200&#8243; autoplay=&#8221;yes&#8221; wrap=&#8221;yes&#8221;][\/vc_column][vc_column width=&#8221;1\/4&#8243;][vc_column_text]CONSERTO","og_url":"https:\/\/radiadorespg.com.br\/?page_id=1857","og_site_name":"RadiadoresPG","article_modified_time":"2020-03-06T14:09:55+00:00","twitter_card":"summary_large_image","twitter_misc":{"Est. tempo de leitura":"1 minuto"},"schema":{"@context":"https:\/\/schema.org","@graph":[{"@type":"WebPage","@id":"https:\/\/radiadorespg.com.br\/?page_id=1857","url":"https:\/\/radiadorespg.com.br\/?page_id=1857","name":"Servi\u00e7os - RadiadoresPG","isPartOf":{"@id":"https:\/\/radiadorespg.com.br\/#website"},"datePublished":"2020-01-14T18:31:11+00:00","dateModified":"2020-03-06T14:09:55+00:00","breadcrumb":{"@id":"https:\/\/radiadorespg.com.br\/?page_id=1857#breadcrumb"},"inLanguage":"pt-BR","potentialAction":[{"@type":"ReadAction","target":["https:\/\/radiadorespg.com.br\/?page_id=1857"]}]},{"@type":"BreadcrumbList","@id":"https:\/\/radiadorespg.com.br\/?page_id=1857#breadcrumb","itemListElement":[{"@type":"ListItem","position":1,"name":"In\u00edcio","item":"https:\/\/radiadorespg.com.br\/"},{"@type":"ListItem","position":2,"name":"Servi\u00e7os"}]},{"@type":"WebSite","@id":"https:\/\/radiadorespg.com.br\/#website","url":"https:\/\/radiadorespg.com.br\/","name":"RadiadoresPG","description":"","potentialAction":[{"@type":"SearchAction","target":{"@type":"EntryPoint","urlTemplate":"https:\/\/radiadorespg.com.br\/?s={search_term_string}"},"query-input":"required name=search_term_string"}],"inLanguage":"pt-BR"}]}},"_links":{"self":[{"href":"https:\/\/radiadorespg.com.br\/index.php?rest_route=\/wp\/v2\/pages\/1857"}],"collection":[{"href":"https:\/\/radiadorespg.com.br\/index.php?rest_route=\/wp\/v2\/pages"}],"about":[{"href":"https:\/\/radiadorespg.com.br\/index.php?rest_route=\/wp\/v2\/types\/page"}],"author":[{"embeddable":true,"href":"https:\/\/radiadorespg.com.br\/index.php?rest_route=\/wp\/v2\/users\/1"}],"replies":[{"embeddable":true,"href":"https:\/\/radiadorespg.com.br\/index.php?rest_route=%2Fwp%2Fv2%2Fcomments&post=1857"}],"version-history":[{"count":6,"href":"https:\/\/radiadorespg.com.br\/index.php?rest_route=\/wp\/v2\/pages\/1857\/revisions"}],"predecessor-version":[{"id":1940,"href":"https:\/\/radiadorespg.com.br\/index.php?rest_route=\/wp\/v2\/pages\/1857\/revisions\/1940"}],"wp:attachment":[{"href":"https:\/\/radiadorespg.com.br\/index.php?rest_route=%2Fwp%2Fv2%2Fmedia&parent=1857"}],"curies":[{"name":"wp","href":"https:\/\/api.w.org\/{rel}","templated":true}]}}