{"id":1904,"date":"2020-01-14T16:55:48","date_gmt":"2020-01-14T19:55:48","guid":{"rendered":"https:\/\/radiadorespg.com.br\/?page_id=1904"},"modified":"2020-04-13T15:40:14","modified_gmt":"2020-04-13T18:40:14","slug":"trincas","status":"publish","type":"page","link":"https:\/\/radiadorespg.com.br\/?page_id=1904","title":{"rendered":"Trincas de para-brisas"},"content":{"rendered":"<p>[vc_row][vc_column][vc_column_text]<strong>REPARA\u00c7\u00c3O DE PARA BRISAS<\/strong><\/p>\n<p>Pequenas trincas, s\u00e3o colados com cola especial para vidros, ficando at\u00e9 90% transparente novamente, com garantia de servi\u00e7o de 6 meses.[\/vc_column_text][\/vc_column][\/vc_row][vc_row][vc_column width=&#8221;1\/2&#8243;][vc_column_text]<b>ESTRELA<\/b>[\/vc_column_text][vc_images_carousel images=&#8221;1815&#8243; img_size=&#8221;300&#215;200&#8243; onclick=&#8221;link_no&#8221; autoplay=&#8221;yes&#8221; hide_pagination_control=&#8221;yes&#8221;][\/vc_column][vc_column width=&#8221;1\/2&#8243;][vc_column_text]<b>TRINCA<\/b>[\/vc_column_text][vc_images_carousel images=&#8221;1816&#8243; img_size=&#8221;300&#215;200&#8243; onclick=&#8221;link_no&#8221; autoplay=&#8221;yes&#8221; hide_pagination_control=&#8221;yes&#8221;][\/vc_column][\/vc_row][vc_row][vc_column][vc_column_text]Obs.: trinca maiores que 60 cm n\u00e3o e recomendado fazer, nem trincas que est\u00e3o na vis\u00e3o do motorista.[\/vc_column_text][\/vc_column][\/vc_row]<\/p>\n","protected":false},"excerpt":{"rendered":"<p>[vc_row][vc_column][vc_column_text]REPARA\u00c7\u00c3O DE PARA BRISAS Pequenas trincas, s\u00e3o colados com cola especial para vidros, ficando at\u00e9 90% transparente novamente, com garantia de servi\u00e7o de 6 meses.[\/vc_column_text][\/vc_column][\/vc_row][vc_row][vc_column width=&#8221;1\/2&#8243;][vc_column_text]ESTRELA[\/vc_column_text][vc_images_carousel images=&#8221;1815&#8243; img_size=&#8221;300&#215;200&#8243; onclick=&#8221;link_no&#8221; autoplay=&#8221;yes&#8221; hide_pagination_control=&#8221;yes&#8221;][\/vc_column][vc_column width=&#8221;1\/2&#8243;][vc_column_text]TRINCA[\/vc_column_text][vc_images_carousel images=&#8221;1816&#8243; img_size=&#8221;300&#215;200&#8243; onclick=&#8221;link_no&#8221; autoplay=&#8221;yes&#8221; hide_pagination_control=&#8221;yes&#8221;][\/vc_column][\/vc_row][vc_row][vc_column][vc_column_text]Obs.: trinca maiores que 60 cm n\u00e3o e recomendado fazer, nem trincas que est\u00e3o na vis\u00e3o do motorista.[\/vc_column_text][\/vc_column][\/vc_row]<\/p>\n","protected":false},"author":1,"featured_media":0,"parent":0,"menu_order":0,"comment_status":"closed","ping_status":"closed","template":"","meta":[],"yoast_head":"<!-- This site is optimized with the Yoast SEO plugin v22.7 - https:\/\/yoast.com\/wordpress\/plugins\/seo\/ -->\n<title>Trincas de para-brisas - RadiadoresPG<\/title>\n<meta name=\"robots\" content=\"index, follow, max-snippet:-1, max-image-preview:large, max-video-preview:-1\" \/>\n<link rel=\"canonical\" href=\"https:\/\/radiadorespg.com.br\/?page_id=1904\" \/>\n<meta property=\"og:locale\" content=\"pt_BR\" \/>\n<meta property=\"og:type\" content=\"article\" \/>\n<meta property=\"og:title\" content=\"Trincas de para-brisas - RadiadoresPG\" \/>\n<meta property=\"og:description\" content=\"[vc_row][vc_column][vc_column_text]REPARA\u00c7\u00c3O DE PARA BRISAS Pequenas trincas, s\u00e3o colados com cola especial para vidros, ficando at\u00e9 90% transparente novamente, com garantia de servi\u00e7o de 6 meses.[\/vc_column_text][\/vc_column][\/vc_row][vc_row][vc_column width=&#8221;1\/2&#8243;][vc_column_text]ESTRELA[\/vc_column_text][vc_images_carousel images=&#8221;1815&#8243; img_size=&#8221;300&#215;200&#8243; onclick=&#8221;link_no&#8221; autoplay=&#8221;yes&#8221; hide_pagination_control=&#8221;yes&#8221;][\/vc_column][vc_column width=&#8221;1\/2&#8243;][vc_column_text]TRINCA[\/vc_column_text][vc_images_carousel images=&#8221;1816&#8243; img_size=&#8221;300&#215;200&#8243; onclick=&#8221;link_no&#8221; autoplay=&#8221;yes&#8221; hide_pagination_control=&#8221;yes&#8221;][\/vc_column][\/vc_row][vc_row][vc_column][vc_column_text]Obs.: trinca maiores que 60 cm n\u00e3o e recomendado fazer, nem trincas que est\u00e3o na vis\u00e3o do motorista.[\/vc_column_text][\/vc_column][\/vc_row]\" \/>\n<meta property=\"og:url\" content=\"https:\/\/radiadorespg.com.br\/?page_id=1904\" \/>\n<meta property=\"og:site_name\" content=\"RadiadoresPG\" \/>\n<meta property=\"article:modified_time\" content=\"2020-04-13T18:40:14+00:00\" \/>\n<meta name=\"twitter:card\" content=\"summary_large_image\" \/>\n<meta name=\"twitter:label1\" content=\"Est. tempo de leitura\" \/>\n\t<meta name=\"twitter:data1\" content=\"1 minuto\" \/>\n<script type=\"application\/ld+json\" class=\"yoast-schema-graph\">{\"@context\":\"https:\/\/schema.org\",\"@graph\":[{\"@type\":\"WebPage\",\"@id\":\"https:\/\/radiadorespg.com.br\/?page_id=1904\",\"url\":\"https:\/\/radiadorespg.com.br\/?page_id=1904\",\"name\":\"Trincas de para-brisas - RadiadoresPG\",\"isPartOf\":{\"@id\":\"https:\/\/radiadorespg.com.br\/#website\"},\"datePublished\":\"2020-01-14T19:55:48+00:00\",\"dateModified\":\"2020-04-13T18:40:14+00:00\",\"breadcrumb\":{\"@id\":\"https:\/\/radiadorespg.com.br\/?page_id=1904#breadcrumb\"},\"inLanguage\":\"pt-BR\",\"potentialAction\":[{\"@type\":\"ReadAction\",\"target\":[\"https:\/\/radiadorespg.com.br\/?page_id=1904\"]}]},{\"@type\":\"BreadcrumbList\",\"@id\":\"https:\/\/radiadorespg.com.br\/?page_id=1904#breadcrumb\",\"itemListElement\":[{\"@type\":\"ListItem\",\"position\":1,\"name\":\"In\u00edcio\",\"item\":\"https:\/\/radiadorespg.com.br\/\"},{\"@type\":\"ListItem\",\"position\":2,\"name\":\"Trincas de para-brisas\"}]},{\"@type\":\"WebSite\",\"@id\":\"https:\/\/radiadorespg.com.br\/#website\",\"url\":\"https:\/\/radiadorespg.com.br\/\",\"name\":\"RadiadoresPG\",\"description\":\"\",\"potentialAction\":[{\"@type\":\"SearchAction\",\"target\":{\"@type\":\"EntryPoint\",\"urlTemplate\":\"https:\/\/radiadorespg.com.br\/?s={search_term_string}\"},\"query-input\":\"required name=search_term_string\"}],\"inLanguage\":\"pt-BR\"}]}<\/script>\n<!-- \/ Yoast SEO plugin. -->","yoast_head_json":{"title":"Trincas de para-brisas - RadiadoresPG","robots":{"index":"index","follow":"follow","max-snippet":"max-snippet:-1","max-image-preview":"max-image-preview:large","max-video-preview":"max-video-preview:-1"},"canonical":"https:\/\/radiadorespg.com.br\/?page_id=1904","og_locale":"pt_BR","og_type":"article","og_title":"Trincas de para-brisas - RadiadoresPG","og_description":"[vc_row][vc_column][vc_column_text]REPARA\u00c7\u00c3O DE PARA BRISAS Pequenas trincas, s\u00e3o colados com cola especial para vidros, ficando at\u00e9 90% transparente novamente, com garantia de servi\u00e7o de 6 meses.[\/vc_column_text][\/vc_column][\/vc_row][vc_row][vc_column width=&#8221;1\/2&#8243;][vc_column_text]ESTRELA[\/vc_column_text][vc_images_carousel images=&#8221;1815&#8243; img_size=&#8221;300&#215;200&#8243; onclick=&#8221;link_no&#8221; autoplay=&#8221;yes&#8221; hide_pagination_control=&#8221;yes&#8221;][\/vc_column][vc_column width=&#8221;1\/2&#8243;][vc_column_text]TRINCA[\/vc_column_text][vc_images_carousel images=&#8221;1816&#8243; img_size=&#8221;300&#215;200&#8243; onclick=&#8221;link_no&#8221; autoplay=&#8221;yes&#8221; hide_pagination_control=&#8221;yes&#8221;][\/vc_column][\/vc_row][vc_row][vc_column][vc_column_text]Obs.: trinca maiores que 60 cm n\u00e3o e recomendado fazer, nem trincas que est\u00e3o na vis\u00e3o do motorista.[\/vc_column_text][\/vc_column][\/vc_row]","og_url":"https:\/\/radiadorespg.com.br\/?page_id=1904","og_site_name":"RadiadoresPG","article_modified_time":"2020-04-13T18:40:14+00:00","twitter_card":"summary_large_image","twitter_misc":{"Est. tempo de leitura":"1 minuto"},"schema":{"@context":"https:\/\/schema.org","@graph":[{"@type":"WebPage","@id":"https:\/\/radiadorespg.com.br\/?page_id=1904","url":"https:\/\/radiadorespg.com.br\/?page_id=1904","name":"Trincas de para-brisas - RadiadoresPG","isPartOf":{"@id":"https:\/\/radiadorespg.com.br\/#website"},"datePublished":"2020-01-14T19:55:48+00:00","dateModified":"2020-04-13T18:40:14+00:00","breadcrumb":{"@id":"https:\/\/radiadorespg.com.br\/?page_id=1904#breadcrumb"},"inLanguage":"pt-BR","potentialAction":[{"@type":"ReadAction","target":["https:\/\/radiadorespg.com.br\/?page_id=1904"]}]},{"@type":"BreadcrumbList","@id":"https:\/\/radiadorespg.com.br\/?page_id=1904#breadcrumb","itemListElement":[{"@type":"ListItem","position":1,"name":"In\u00edcio","item":"https:\/\/radiadorespg.com.br\/"},{"@type":"ListItem","position":2,"name":"Trincas de para-brisas"}]},{"@type":"WebSite","@id":"https:\/\/radiadorespg.com.br\/#website","url":"https:\/\/radiadorespg.com.br\/","name":"RadiadoresPG","description":"","potentialAction":[{"@type":"SearchAction","target":{"@type":"EntryPoint","urlTemplate":"https:\/\/radiadorespg.com.br\/?s={search_term_string}"},"query-input":"required name=search_term_string"}],"inLanguage":"pt-BR"}]}},"_links":{"self":[{"href":"https:\/\/radiadorespg.com.br\/index.php?rest_route=\/wp\/v2\/pages\/1904"}],"collection":[{"href":"https:\/\/radiadorespg.com.br\/index.php?rest_route=\/wp\/v2\/pages"}],"about":[{"href":"https:\/\/radiadorespg.com.br\/index.php?rest_route=\/wp\/v2\/types\/page"}],"author":[{"embeddable":true,"href":"https:\/\/radiadorespg.com.br\/index.php?rest_route=\/wp\/v2\/users\/1"}],"replies":[{"embeddable":true,"href":"https:\/\/radiadorespg.com.br\/index.php?rest_route=%2Fwp%2Fv2%2Fcomments&post=1904"}],"version-history":[{"count":3,"href":"https:\/\/radiadorespg.com.br\/index.php?rest_route=\/wp\/v2\/pages\/1904\/revisions"}],"predecessor-version":[{"id":1949,"href":"https:\/\/radiadorespg.com.br\/index.php?rest_route=\/wp\/v2\/pages\/1904\/revisions\/1949"}],"wp:attachment":[{"href":"https:\/\/radiadorespg.com.br\/index.php?rest_route=%2Fwp%2Fv2%2Fmedia&parent=1904"}],"curies":[{"name":"wp","href":"https:\/\/api.w.org\/{rel}","templated":true}]}}