{"id":880,"date":"2015-08-27T10:12:10","date_gmt":"2015-08-27T10:12:10","guid":{"rendered":"http:\/\/quanticalabs.com\/wptest\/carservice\/?page_id=880"},"modified":"2020-03-06T10:54:56","modified_gmt":"2020-03-06T13:54:56","slug":"empresa","status":"publish","type":"page","link":"https:\/\/radiadorespg.com.br\/?page_id=880","title":{"rendered":"A EMPRESA"},"content":{"rendered":"<p>[vc_row][vc_column width=&#8221;1\/2&#8243;][vc_empty_space][vc_images_carousel images=&#8221;1824,1823&#8243; img_size=&#8221;300X300&#8243;][vc_empty_space][\/vc_column][vc_column width=&#8221;1\/2&#8243;][vc_column_text]Quem somos<br \/>\nA Empresa Radiadores Ponta Grossa, foi fundada em 2011, com o objetivo de prestar servi\u00e7os de manuten\u00e7\u00e3o, consertos e comercializa\u00e7\u00e3o de radiadores novos e semi novos.<\/p>\n<p>Com atua\u00e7\u00e3o especializada e qualidade na presta\u00e7\u00e3o de servi\u00e7os.<\/p>\n<p>A Radiadores Ponta Grossa trabalha com todos os tipos de radiadores de \u00e1gua,ar e de \u00f3leo, Trocadores de Calor, Ar-Condicionado, Tanque de Combust\u00edvel, Corre\u00e7\u00e3o de falhas eletr\u00f4nicas e Repara\u00e7\u00e3o de Para-brisas[\/vc_column_text][\/vc_column][\/vc_row]<\/p>\n","protected":false},"excerpt":{"rendered":"<p>[vc_row][vc_column width=&#8221;1\/2&#8243;][vc_empty_space][vc_images_carousel images=&#8221;1824,1823&#8243; img_size=&#8221;300X300&#8243;][vc_empty_space][\/vc_column][vc_column width=&#8221;1\/2&#8243;][vc_column_text]Quem somos A Empresa Radiadores Ponta Grossa, foi fundada em 2011, com o objetivo de prestar servi\u00e7os de manuten\u00e7\u00e3o, consertos e comercializa\u00e7\u00e3o de radiadores novos e semi novos. Com atua\u00e7\u00e3o especializada e qualidade na presta\u00e7\u00e3o de servi\u00e7os. A Radiadores Ponta Grossa trabalha com todos os tipos de radiadores de \u00e1gua,ar e<\/p>\n","protected":false},"author":1,"featured_media":0,"parent":0,"menu_order":0,"comment_status":"closed","ping_status":"closed","template":"template-default-without-breadcrumbs.php","meta":[],"yoast_head":"<!-- This site is optimized with the Yoast SEO plugin v22.7 - https:\/\/yoast.com\/wordpress\/plugins\/seo\/ -->\n<title>A EMPRESA - RadiadoresPG<\/title>\n<meta name=\"robots\" content=\"index, follow, max-snippet:-1, max-image-preview:large, max-video-preview:-1\" \/>\n<link rel=\"canonical\" href=\"https:\/\/radiadorespg.com.br\/?page_id=880\" \/>\n<meta property=\"og:locale\" content=\"pt_BR\" \/>\n<meta property=\"og:type\" content=\"article\" \/>\n<meta property=\"og:title\" content=\"A EMPRESA - RadiadoresPG\" \/>\n<meta property=\"og:description\" content=\"[vc_row][vc_column width=&#8221;1\/2&#8243;][vc_empty_space][vc_images_carousel images=&#8221;1824,1823&#8243; img_size=&#8221;300X300&#8243;][vc_empty_space][\/vc_column][vc_column width=&#8221;1\/2&#8243;][vc_column_text]Quem somos A Empresa Radiadores Ponta Grossa, foi fundada em 2011, com o objetivo de prestar servi\u00e7os de manuten\u00e7\u00e3o, consertos e comercializa\u00e7\u00e3o de radiadores novos e semi novos. Com atua\u00e7\u00e3o especializada e qualidade na presta\u00e7\u00e3o de servi\u00e7os. A Radiadores Ponta Grossa trabalha com todos os tipos de radiadores de \u00e1gua,ar e\" \/>\n<meta property=\"og:url\" content=\"https:\/\/radiadorespg.com.br\/?page_id=880\" \/>\n<meta property=\"og:site_name\" content=\"RadiadoresPG\" \/>\n<meta property=\"article:modified_time\" content=\"2020-03-06T13:54:56+00:00\" \/>\n<meta name=\"twitter:card\" content=\"summary_large_image\" \/>\n<meta name=\"twitter:label1\" content=\"Est. tempo de leitura\" \/>\n\t<meta name=\"twitter:data1\" content=\"1 minuto\" \/>\n<script type=\"application\/ld+json\" class=\"yoast-schema-graph\">{\"@context\":\"https:\/\/schema.org\",\"@graph\":[{\"@type\":\"WebPage\",\"@id\":\"https:\/\/radiadorespg.com.br\/?page_id=880\",\"url\":\"https:\/\/radiadorespg.com.br\/?page_id=880\",\"name\":\"A EMPRESA - RadiadoresPG\",\"isPartOf\":{\"@id\":\"https:\/\/radiadorespg.com.br\/#website\"},\"datePublished\":\"2015-08-27T10:12:10+00:00\",\"dateModified\":\"2020-03-06T13:54:56+00:00\",\"breadcrumb\":{\"@id\":\"https:\/\/radiadorespg.com.br\/?page_id=880#breadcrumb\"},\"inLanguage\":\"pt-BR\",\"potentialAction\":[{\"@type\":\"ReadAction\",\"target\":[\"https:\/\/radiadorespg.com.br\/?page_id=880\"]}]},{\"@type\":\"BreadcrumbList\",\"@id\":\"https:\/\/radiadorespg.com.br\/?page_id=880#breadcrumb\",\"itemListElement\":[{\"@type\":\"ListItem\",\"position\":1,\"name\":\"In\u00edcio\",\"item\":\"https:\/\/radiadorespg.com.br\/\"},{\"@type\":\"ListItem\",\"position\":2,\"name\":\"A EMPRESA\"}]},{\"@type\":\"WebSite\",\"@id\":\"https:\/\/radiadorespg.com.br\/#website\",\"url\":\"https:\/\/radiadorespg.com.br\/\",\"name\":\"RadiadoresPG\",\"description\":\"\",\"potentialAction\":[{\"@type\":\"SearchAction\",\"target\":{\"@type\":\"EntryPoint\",\"urlTemplate\":\"https:\/\/radiadorespg.com.br\/?s={search_term_string}\"},\"query-input\":\"required name=search_term_string\"}],\"inLanguage\":\"pt-BR\"}]}<\/script>\n<!-- \/ Yoast SEO plugin. -->","yoast_head_json":{"title":"A EMPRESA - RadiadoresPG","robots":{"index":"index","follow":"follow","max-snippet":"max-snippet:-1","max-image-preview":"max-image-preview:large","max-video-preview":"max-video-preview:-1"},"canonical":"https:\/\/radiadorespg.com.br\/?page_id=880","og_locale":"pt_BR","og_type":"article","og_title":"A EMPRESA - RadiadoresPG","og_description":"[vc_row][vc_column width=&#8221;1\/2&#8243;][vc_empty_space][vc_images_carousel images=&#8221;1824,1823&#8243; img_size=&#8221;300X300&#8243;][vc_empty_space][\/vc_column][vc_column width=&#8221;1\/2&#8243;][vc_column_text]Quem somos A Empresa Radiadores Ponta Grossa, foi fundada em 2011, com o objetivo de prestar servi\u00e7os de manuten\u00e7\u00e3o, consertos e comercializa\u00e7\u00e3o de radiadores novos e semi novos. Com atua\u00e7\u00e3o especializada e qualidade na presta\u00e7\u00e3o de servi\u00e7os. A Radiadores Ponta Grossa trabalha com todos os tipos de radiadores de \u00e1gua,ar e","og_url":"https:\/\/radiadorespg.com.br\/?page_id=880","og_site_name":"RadiadoresPG","article_modified_time":"2020-03-06T13:54:56+00:00","twitter_card":"summary_large_image","twitter_misc":{"Est. tempo de leitura":"1 minuto"},"schema":{"@context":"https:\/\/schema.org","@graph":[{"@type":"WebPage","@id":"https:\/\/radiadorespg.com.br\/?page_id=880","url":"https:\/\/radiadorespg.com.br\/?page_id=880","name":"A EMPRESA - RadiadoresPG","isPartOf":{"@id":"https:\/\/radiadorespg.com.br\/#website"},"datePublished":"2015-08-27T10:12:10+00:00","dateModified":"2020-03-06T13:54:56+00:00","breadcrumb":{"@id":"https:\/\/radiadorespg.com.br\/?page_id=880#breadcrumb"},"inLanguage":"pt-BR","potentialAction":[{"@type":"ReadAction","target":["https:\/\/radiadorespg.com.br\/?page_id=880"]}]},{"@type":"BreadcrumbList","@id":"https:\/\/radiadorespg.com.br\/?page_id=880#breadcrumb","itemListElement":[{"@type":"ListItem","position":1,"name":"In\u00edcio","item":"https:\/\/radiadorespg.com.br\/"},{"@type":"ListItem","position":2,"name":"A EMPRESA"}]},{"@type":"WebSite","@id":"https:\/\/radiadorespg.com.br\/#website","url":"https:\/\/radiadorespg.com.br\/","name":"RadiadoresPG","description":"","potentialAction":[{"@type":"SearchAction","target":{"@type":"EntryPoint","urlTemplate":"https:\/\/radiadorespg.com.br\/?s={search_term_string}"},"query-input":"required name=search_term_string"}],"inLanguage":"pt-BR"}]}},"_links":{"self":[{"href":"https:\/\/radiadorespg.com.br\/index.php?rest_route=\/wp\/v2\/pages\/880"}],"collection":[{"href":"https:\/\/radiadorespg.com.br\/index.php?rest_route=\/wp\/v2\/pages"}],"about":[{"href":"https:\/\/radiadorespg.com.br\/index.php?rest_route=\/wp\/v2\/types\/page"}],"author":[{"embeddable":true,"href":"https:\/\/radiadorespg.com.br\/index.php?rest_route=\/wp\/v2\/users\/1"}],"replies":[{"embeddable":true,"href":"https:\/\/radiadorespg.com.br\/index.php?rest_route=%2Fwp%2Fv2%2Fcomments&post=880"}],"version-history":[{"count":11,"href":"https:\/\/radiadorespg.com.br\/index.php?rest_route=\/wp\/v2\/pages\/880\/revisions"}],"predecessor-version":[{"id":1935,"href":"https:\/\/radiadorespg.com.br\/index.php?rest_route=\/wp\/v2\/pages\/880\/revisions\/1935"}],"wp:attachment":[{"href":"https:\/\/radiadorespg.com.br\/index.php?rest_route=%2Fwp%2Fv2%2Fmedia&parent=880"}],"curies":[{"name":"wp","href":"https:\/\/api.w.org\/{rel}","templated":true}]}}